{"id":76,"date":"2021-05-12T08:21:01","date_gmt":"2021-05-12T08:21:01","guid":{"rendered":"https:\/\/planet-bochum.de\/?page_id=76"},"modified":"2021-09-22T12:02:19","modified_gmt":"2021-09-22T12:02:19","slug":"live","status":"publish","type":"page","link":"https:\/\/planet-bochum.de\/index.php\/live\/","title":{"rendered":"LIVE"},"content":{"rendered":"[vc_row full_width=&#8220;stretch_row_content_no_spaces&#8220;][vc_column][vc_single_image image=&#8220;409&#8243; img_size=&#8220;full&#8220;][\/vc_column][\/vc_row][vc_row full_width=&#8220;stretch_row_content_no_spaces&#8220; css=&#8220;.vc_custom_1632150648570{padding-top: 100px !important;}&#8220;][vc_column][vc_column_text css=&#8220;.vc_custom_1632312133840{padding-right: 20px !important;padding-left: 20px !important;}&#8220;]\r\n<h2>Live im Planet<\/h2>\r\nDer Planet war als Live-Location nicht gerade weltber\u00fchmt. Aber wenn hier mal zum Konzert geladen wurde, dann gab es ausschliesslich Qualit\u00e4t. Punkt!\r\n\r\nSo gab es hier\u00a0 auch heute noch weltber\u00fchmte Bands wie die unglaublichen Afghan Whigs aus Cincinatti\/Ohio zu sehen, genau wie mittlerweile fast vergessene wie die Richies aus Duisburg. Eher obskure wie die kalifornischen Garapunks The Mummies benau wie deutsche Superstars wie die Mitbegr\u00fcnder der Hamburger Schule Die Sterne.\r\n\r\nSemi-legend\u00e4re US-Underground-Helden wie Come, The Didjits oder Consolidated spielten hier vor 50 Leutchen, daf\u00fcr wollte der Laden bei Little Axe schier \u00fcberlaufen (aber das war ja auch die unfassbare gemeinsame Geburtstagsparty von Planet und Discover Records).[\/vc_column_text][vc_single_image image=&#8220;417&#8243; img_size=&#8220;full&#8220;][\/vc_column][\/vc_row][vc_row css=&#8220;.vc_custom_1632150546970{padding-top: 100px !important;}&#8220;][vc_column width=&#8220;1\/2&#8243;][vc_column_text]\r\n<h3>Liste aller Bands im Planet<\/h3>\r\n[\/vc_column_text][\/vc_column][vc_column width=&#8220;1\/2&#8243;][vc_column_text css=&#8220;.vc_custom_1632150732237{padding-right: 10px !important;padding-left: 20px !important;background-color: #ffffff !important;}&#8220;]\r\n\r\nAfghan Whigs\r\nMathias Arfmann\r\nBabe the blue ox\r\nBernd Begemann\r\nBig Chief\r\nBlue Manner Haze\r\nCome\r\nConsolidated\r\nCornershop\r\nCrosscut\r\nCyberdelics\r\nDie Krupps\r\nDie Sterne\r\nDidjits\r\nFellow Travellers\r\nKilldozer\r\nKong\r\nLassigue Bendthaus\r\nLittle Axe\r\nMambo Kurt\r\nMan Or Astro Man\r\nMajority of One\r\nMeat Beat Manifesto\r\nMomus\r\nMr Ed Jumps the Gun\r\nMummies\r\nPropellerheads\r\nPsychick nWarriors Ov Gaia\r\nResistance D\r\nRichies\r\nScreech\r\nTV Personalities\r\nVoodoo Rangers\r\n\r\n[\/vc_column_text][\/vc_column][\/vc_row]","protected":false},"excerpt":{"rendered":"[vc_row full_width=&#8220;stretch_row_content_no_spaces&#8220;][vc_column][vc_single_image image=&#8220;409&#8243; img_size=&#8220;full&#8220;][\/vc_column][\/vc_row][vc_row full_width=&#8220;stretch_row_content_no_spaces&#8220; css=&#8220;.vc_custom_1632150648570{padding-top: 100px !important;}&#8220;][vc_column][vc_column_text css=&#8220;.vc_custom_1632312133840{padding-right: 20px !important;padding-left: 20px !important;}&#8220;] Live im Planet Der Planet war als Live-Location nicht gerade weltber\u00fchmt. Aber wenn hier mal zum Konzert geladen wurde, dann gab es ausschliesslich Qualit\u00e4t. Punkt! So gab&#8230;","protected":false},"author":1,"featured_media":0,"parent":0,"menu_order":0,"comment_status":"closed","ping_status":"closed","template":"","meta":{"footnotes":""},"_links":{"self":[{"href":"https:\/\/planet-bochum.de\/index.php\/wp-json\/wp\/v2\/pages\/76"}],"collection":[{"href":"https:\/\/planet-bochum.de\/index.php\/wp-json\/wp\/v2\/pages"}],"about":[{"href":"https:\/\/planet-bochum.de\/index.php\/wp-json\/wp\/v2\/types\/page"}],"author":[{"embeddable":true,"href":"https:\/\/planet-bochum.de\/index.php\/wp-json\/wp\/v2\/users\/1"}],"replies":[{"embeddable":true,"href":"https:\/\/planet-bochum.de\/index.php\/wp-json\/wp\/v2\/comments?post=76"}],"version-history":[{"count":24,"href":"https:\/\/planet-bochum.de\/index.php\/wp-json\/wp\/v2\/pages\/76\/revisions"}],"predecessor-version":[{"id":569,"href":"https:\/\/planet-bochum.de\/index.php\/wp-json\/wp\/v2\/pages\/76\/revisions\/569"}],"wp:attachment":[{"href":"https:\/\/planet-bochum.de\/index.php\/wp-json\/wp\/v2\/media?parent=76"}],"curies":[{"name":"wp","href":"https:\/\/api.w.org\/{rel}","templated":true}]}}