{"id":67,"date":"2021-05-12T08:17:49","date_gmt":"2021-05-12T08:17:49","guid":{"rendered":"https:\/\/planet-bochum.de\/?page_id=67"},"modified":"2021-11-25T11:21:34","modified_gmt":"2021-11-25T11:21:34","slug":"stuff","status":"publish","type":"page","link":"https:\/\/planet-bochum.de\/index.php\/stuff\/","title":{"rendered":"STUFF"},"content":{"rendered":"[vc_row full_width=&#8220;stretch_row_content_no_spaces&#8220;][vc_column][vc_single_image image=&#8220;339&#8243; img_size=&#8220;full&#8220;][\/vc_column][\/vc_row][vc_row full_width=&#8220;stretch_row_content_no_spaces&#8220; css=&#8220;.vc_custom_1621327920567{padding-top: 80px !important;}&#8220;][vc_column][vc_column_text css=&#8220;.vc_custom_1622448902242{padding-right: 10px !important;padding-left: 20px !important;}&#8220;]\r\n<h2>Flyer<\/h2>\r\nFast alle Flyer waren f\u00fcr Planet Cyber Pop, den Techno-Freitag.\r\n\r\nDen Indie-Samstag mussten wir nicht bewerben, schliesslich gab es da kein wechselndes Programm. Und voll war&#8217;s eh immer![\/vc_column_text][vc_gallery type=&#8220;image_grid&#8220; images=&#8220;283,284,285,286,287,288,289,290,291,293,294,295,296,297,298,299,300,301,302,322,323&#8243;][\/vc_column][\/vc_row][vc_row css=&#8220;.vc_custom_1637839292120{padding-top: 80px !important;background-color: #ffffff !important;}&#8220;][vc_column width=&#8220;1\/2&#8243;][vc_gallery type=&#8220;image_grid&#8220; images=&#8220;273,274,276,277&#8243;][\/vc_column][vc_column width=&#8220;1\/2&#8243;][vc_column_text]\r\n<h3>Gut gew\u00e4hlt<\/h3>\r\nIn den j\u00e4hrlichen Polls der damals wichtigsten Musikzeitschrift Spex war der Planet Dauerabonnent auf vordere Pl\u00e4tze.[\/vc_column_text][\/vc_column][\/vc_row][vc_row full_width=&#8220;stretch_row_content_no_spaces&#8220; css=&#8220;.vc_custom_1632151097593{padding-top: 80px !important;}&#8220;][vc_column width=&#8220;1\/2&#8243;][vc_column_text css=&#8220;.vc_custom_1632150954341{padding-right: 10px !important;padding-left: 20px !important;}&#8220;]\r\n<h3>Die wohl sch\u00f6nste Plakataktion&#8230;<\/h3>\r\n&#8230;f\u00fcr den Planet zeigt nichts als die ausdrucksvollen Schwarzweissportraits, die der Fotograf Peter Musebrink von sechs MitarbeiterInnen bzw Stammg\u00e4sten geschossen hat, und das blaue Planet-Logo.\r\n\r\nGar nicht so einfach btw, sowas heute noch vollst\u00e4ndig zu finden. Die abgebildeten Exemplare befinden sich in Dallas, Texas, wohin es Ingelore und Sven mittlerweile verschlagen hat.[\/vc_column_text][\/vc_column][vc_column width=&#8220;1\/2&#8243;][vc_gallery type=&#8220;image_grid&#8220; images=&#8220;392,393,394,395,398,396&#8243; img_size=&#8220;medium&#8220;][\/vc_column][\/vc_row][vc_row css=&#8220;.vc_custom_1637839282478{padding-top: 80px !important;background-color: #ffffff !important;}&#8220;][vc_column width=&#8220;2\/3&#8243;][vc_gallery type=&#8220;image_grid&#8220; images=&#8220;474,475,476,477,478,479,480,481&#8243;][\/vc_column][vc_column width=&#8220;1\/3&#8243;][vc_column_text]\r\n<h3>Der Daily Planet&#8230;<\/h3>\r\n&#8230;war gratis, informativ und garantiert \u00fcberparteilich.\r\n\r\nleider sind nicht viele Ausgaben erhalten geblieben. Hier die Nummer aus dem Februar 94.[\/vc_column_text][\/vc_column][\/vc_row][vc_row css=&#8220;.vc_custom_1637839262563{padding-top: 80px !important;}&#8220;][vc_column width=&#8220;1\/2&#8243;][vc_gallery type=&#8220;image_grid&#8220; images=&#8220;575,574,576,577,573,578&#8243; img_size=&#8220;150&#215;150&#8243;][\/vc_column][vc_column width=&#8220;1\/2&#8243;][vc_row_inner][vc_column_inner][vc_column_text]\r\n<h2>Pangalaktische Getr\u00e4nkekarte<\/h2>\r\nDie Millyway&#8217;s-Karte ist so ein sch\u00f6nes 90er-Utensil, das kann man hier ruhig nochmal zeigen. Ausserden enth\u00e4lt sie den m\u00e4chtigen Pangalaktischen Donnergurgler (ein Drink wie ein Raub\u00fcberfall, schlecht f\u00fcr den Kopf und ziemlich teuer) f\u00fcr 25,- Mark.[\/vc_column_text][\/vc_column_inner][\/vc_row_inner][\/vc_column][\/vc_row]","protected":false},"excerpt":{"rendered":"[vc_row full_width=&#8220;stretch_row_content_no_spaces&#8220;][vc_column][vc_single_image image=&#8220;339&#8243; img_size=&#8220;full&#8220;][\/vc_column][\/vc_row][vc_row full_width=&#8220;stretch_row_content_no_spaces&#8220; css=&#8220;.vc_custom_1621327920567{padding-top: 80px !important;}&#8220;][vc_column][vc_column_text css=&#8220;.vc_custom_1622448902242{padding-right: 10px !important;padding-left: 20px !important;}&#8220;] Flyer Fast alle Flyer waren f\u00fcr Planet Cyber Pop, den Techno-Freitag. Den Indie-Samstag mussten wir nicht bewerben, schliesslich gab es da kein wechselndes Programm. Und voll war&#8217;s&#8230;","protected":false},"author":1,"featured_media":0,"parent":0,"menu_order":0,"comment_status":"closed","ping_status":"closed","template":"","meta":{"footnotes":""},"_links":{"self":[{"href":"https:\/\/planet-bochum.de\/index.php\/wp-json\/wp\/v2\/pages\/67"}],"collection":[{"href":"https:\/\/planet-bochum.de\/index.php\/wp-json\/wp\/v2\/pages"}],"about":[{"href":"https:\/\/planet-bochum.de\/index.php\/wp-json\/wp\/v2\/types\/page"}],"author":[{"embeddable":true,"href":"https:\/\/planet-bochum.de\/index.php\/wp-json\/wp\/v2\/users\/1"}],"replies":[{"embeddable":true,"href":"https:\/\/planet-bochum.de\/index.php\/wp-json\/wp\/v2\/comments?post=67"}],"version-history":[{"count":41,"href":"https:\/\/planet-bochum.de\/index.php\/wp-json\/wp\/v2\/pages\/67\/revisions"}],"predecessor-version":[{"id":584,"href":"https:\/\/planet-bochum.de\/index.php\/wp-json\/wp\/v2\/pages\/67\/revisions\/584"}],"wp:attachment":[{"href":"https:\/\/planet-bochum.de\/index.php\/wp-json\/wp\/v2\/media?parent=67"}],"curies":[{"name":"wp","href":"https:\/\/api.w.org\/{rel}","templated":true}]}}