{"id":6,"date":"2021-05-11T12:50:33","date_gmt":"2021-05-11T12:50:33","guid":{"rendered":"https:\/\/planet-bochum.de\/?page_id=6"},"modified":"2021-09-22T12:05:26","modified_gmt":"2021-09-22T12:05:26","slug":"start","status":"publish","type":"page","link":"https:\/\/planet-bochum.de\/","title":{"rendered":"START"},"content":{"rendered":"[vc_row full_width=&#8220;stretch_row&#8220; css=&#8220;.vc_custom_1621416952645{background-color: #000000 !important;}&#8220;][vc_column][vc_single_image image=&#8220;320&#8243; img_size=&#8220;full&#8220; alignment=&#8220;center&#8220; css=&#8220;.vc_custom_1621417519056{padding-top: 40px !important;}&#8220;][\/vc_column][\/vc_row][vc_row css=&#8220;.vc_custom_1620742206427{background-color: #ffffff !important;}&#8220;][vc_column width=&#8220;1\/6&#8243;][\/vc_column][vc_column width=&#8220;5\/6&#8243;][vc_column_text css=&#8220;.vc_custom_1620744945337{padding-top: 80px !important;}&#8220;]\r\n<h2>Das war der Planet<\/h2>\r\n<h3>Eine Liebeserkl\u00e4rung<\/h3>\r\n[\/vc_column_text][\/vc_column][\/vc_row][vc_row][vc_column width=&#8220;1\/4&#8243;][\/vc_column][vc_column width=&#8220;3\/4&#8243;][vc_column_text css=&#8220;.vc_custom_1632312320689{padding-top: 80px !important;}&#8220;]Am 29.Mai 1992 \u00f6ffnete in einem ehemaligen M\u00f6bellager am Rande der Bochumer City der \u201cPLANET Dance Club\u201d zum ersten Mal die T\u00fcr seines markanten Eingangsbereichs.\r\n\r\nDer Laden wurde von Anfang an enthusiastisch aufgenommen, schlie\u00dflich galt er, schon allein weil er von Hans-Joachim Hauschulz (<a href=\"https:\/\/www.logos-gruppe.com\/\">Logos Gruppe<\/a>) gemeinsam mit dem DJ <a href=\"https:\/\/odermann.eu\/\">Ralf Odermann<\/a> konzipiert wurde,\u00a0 als sowas wie der Nachfolger des seit Herbst 91 geschlossenen, bereits schmerzlich vermissten <a href=\"https:\/\/www.logoclub-bochum.de\/\">LOGO<\/a>.\r\n\r\n<figure id=\"attachment_389\" aria-describedby=\"caption-attachment-389\" style=\"width: 640px\" class=\"wp-caption alignright\"><img loading=\"lazy\" decoding=\"async\" class=\"wp-image-389 size-large\" src=\"https:\/\/planet-bochum.de\/wp-content\/uploads\/2021\/05\/Plakat1-731x1024.jpg\" alt=\"\" width=\"640\" height=\"897\" srcset=\"https:\/\/planet-bochum.de\/wp-content\/uploads\/2021\/05\/Plakat1-731x1024.jpg 731w, https:\/\/planet-bochum.de\/wp-content\/uploads\/2021\/05\/Plakat1-214x300.jpg 214w, https:\/\/planet-bochum.de\/wp-content\/uploads\/2021\/05\/Plakat1-768x1075.jpg 768w, https:\/\/planet-bochum.de\/wp-content\/uploads\/2021\/05\/Plakat1.jpg 1000w\" sizes=\"(max-width: 640px) 100vw, 640px\" \/><figcaption id=\"caption-attachment-389\" class=\"wp-caption-text\">Das erste Planet-Plakat<\/figcaption><\/figure>\r\n\r\nIn den n\u00e4chsten Jahren haben im Planet jede Menge Menschen jede Menge extatische N\u00e4chte gefeiert, viele, viele tolle Bands aus aller Herren L\u00e4nder gespielt, eine endlose Reihe fantastischer DJs aufgelegt, allerhand Leute den \u00dcberblick verloren, viele Menschen DJ- oder Band-Karrieren gestartet, viele junge Menschen die Baggy Jeans auf halb 8 getragen, manche sich \u00fcber den nackten Mann gewundert, ein paar Leute von RTL die T\u00fcrsteherin gefilmt, sehr viele T\u00e4nzer Acid Jazz, Rare Funk und Big Beat entdeckt, John Peel und David Rodigan aufgelegt, wenige Leute sich getraut, den Pangalaktischen Donnergurgler zu bestellen, eine Heavy\u00a0 Metal Band ein Video produziert, ein paar Leute von VIVA eine Sendung gedreht, die hauseigene Fussballmannschaft viel gewonnen und Horden junger Menschen gar nichts\u00a0 gemacht, weil sie nicht reingekommen sind.\r\n<h3>F\u00fcr all diese Menschen ist diese Website.<\/h3>\r\n[\/vc_column_text][\/vc_column][\/vc_row][vc_row full_width=&#8220;stretch_row_content_no_spaces&#8220; css=&#8220;.vc_custom_1620742808527{padding-top: 70px !important;}&#8220;][vc_column][vc_single_image image=&#8220;565&#8243; img_size=&#8220;full&#8220; alignment=&#8220;right&#8220;][\/vc_column][\/vc_row]","protected":false},"excerpt":{"rendered":"[vc_row full_width=&#8220;stretch_row&#8220; css=&#8220;.vc_custom_1621416952645{background-color: #000000 !important;}&#8220;][vc_column][vc_single_image image=&#8220;320&#8243; img_size=&#8220;full&#8220; alignment=&#8220;center&#8220; css=&#8220;.vc_custom_1621417519056{padding-top: 40px !important;}&#8220;][\/vc_column][\/vc_row][vc_row css=&#8220;.vc_custom_1620742206427{background-color: #ffffff !important;}&#8220;][vc_column width=&#8220;1\/6&#8243;][\/vc_column][vc_column width=&#8220;5\/6&#8243;][vc_column_text css=&#8220;.vc_custom_1620744945337{padding-top: 80px !important;}&#8220;] Das war der Planet Eine Liebeserkl\u00e4rung [\/vc_column_text][\/vc_column][\/vc_row][vc_row][vc_column width=&#8220;1\/4&#8243;][\/vc_column][vc_column width=&#8220;3\/4&#8243;][vc_column_text css=&#8220;.vc_custom_1632312320689{padding-top: 80px !important;}&#8220;]Am 29.Mai 1992 \u00f6ffnete in einem ehemaligen M\u00f6bellager am Rande&#8230;","protected":false},"author":1,"featured_media":0,"parent":0,"menu_order":0,"comment_status":"closed","ping_status":"closed","template":"","meta":{"footnotes":""},"_links":{"self":[{"href":"https:\/\/planet-bochum.de\/index.php\/wp-json\/wp\/v2\/pages\/6"}],"collection":[{"href":"https:\/\/planet-bochum.de\/index.php\/wp-json\/wp\/v2\/pages"}],"about":[{"href":"https:\/\/planet-bochum.de\/index.php\/wp-json\/wp\/v2\/types\/page"}],"author":[{"embeddable":true,"href":"https:\/\/planet-bochum.de\/index.php\/wp-json\/wp\/v2\/users\/1"}],"replies":[{"embeddable":true,"href":"https:\/\/planet-bochum.de\/index.php\/wp-json\/wp\/v2\/comments?post=6"}],"version-history":[{"count":30,"href":"https:\/\/planet-bochum.de\/index.php\/wp-json\/wp\/v2\/pages\/6\/revisions"}],"predecessor-version":[{"id":570,"href":"https:\/\/planet-bochum.de\/index.php\/wp-json\/wp\/v2\/pages\/6\/revisions\/570"}],"wp:attachment":[{"href":"https:\/\/planet-bochum.de\/index.php\/wp-json\/wp\/v2\/media?parent=6"}],"curies":[{"name":"wp","href":"https:\/\/api.w.org\/{rel}","templated":true}]}}