{"id":535,"date":"2021-09-21T08:44:47","date_gmt":"2021-09-21T08:44:47","guid":{"rendered":"https:\/\/planet-bochum.de\/?page_id=535"},"modified":"2021-09-22T11:59:04","modified_gmt":"2021-09-22T11:59:04","slug":"djs","status":"publish","type":"page","link":"https:\/\/planet-bochum.de\/index.php\/djs\/","title":{"rendered":"DJs"},"content":{"rendered":"[vc_row full_width=&#8220;stretch_row_content_no_spaces&#8220; css=&#8220;.vc_custom_1632216358472{padding-top: -40px !important;}&#8220;][vc_column][vc_single_image image=&#8220;553&#8243; img_size=&#8220;full&#8220; css=&#8220;.vc_custom_1632216390078{margin-top: -40px !important;}&#8220;][\/vc_column][\/vc_row][vc_row full_width=&#8220;stretch_row_content_no_spaces&#8220;][vc_column][vc_column_text css=&#8220;.vc_custom_1632215217091{padding-top: 100px !important;padding-left: 40px !important;}&#8220;]\r\n<h2>DJs<\/h2>\r\n[\/vc_column_text][vc_gallery type=&#8220;image_grid&#8220; images=&#8220;103,194,184,196,102,200,204,201,202,203,197,205,206,207,208,209,210,211,212,213,214,215,216,217,218,219,220,221,222,223,224,225,226,227,228,229,230,231,232,233,234,235,236,237,238,239,150,108&#8243;][vc_column_text css=&#8220;.vc_custom_1632311934764{border-right-width: 20px !important;padding-left: 20px !important;}&#8220;]<em>In der Reihenfolge der Fotos:<\/em>\r\nRalf Odermann &amp; Dennis Siemion, John Peel (2x), Krischan &amp; Jonzon, Ralf Odermann, Christian Linder, Blake Baxter mit Hemd, Blake Baxter ohne Hemd, Sylvie Marcks, Mijk van Dijk, Steve Mason, Hell, Oliver Bondzio, Antaro, Sven V\u00e4th, Motte, Caruso, Woody, Mark Spoon, Derrick May, Armando, Juan Atkins, Heiko MSO, Greg, Jeff Mills, (who knows), Krischan Wesenberg &amp; Tobias Koth, Ellen Allien, Jonzon, Str\u00fcwer Bros, West bam, Francesco Farfa, Derrick May, Sven V\u00e4th, Kid Paul, Dr Motte, Sven V\u00e4th (2x), Damon Wild, Jeff Mills, Sabine Christ, Paul Cooper, Goldie, Jeff Mills, Hell (2x), Patrick Pulsinger, Martin Horst (Funkaddicted People)[\/vc_column_text][\/vc_column][\/vc_row][vc_row][vc_column][\/vc_column][\/vc_row]","protected":false},"excerpt":{"rendered":"[vc_row full_width=&#8220;stretch_row_content_no_spaces&#8220; css=&#8220;.vc_custom_1632216358472{padding-top: -40px !important;}&#8220;][vc_column][vc_single_image image=&#8220;553&#8243; img_size=&#8220;full&#8220; css=&#8220;.vc_custom_1632216390078{margin-top: -40px !important;}&#8220;][\/vc_column][\/vc_row][vc_row full_width=&#8220;stretch_row_content_no_spaces&#8220;][vc_column][vc_column_text css=&#8220;.vc_custom_1632215217091{padding-top: 100px !important;padding-left: 40px !important;}&#8220;] DJs [\/vc_column_text][vc_gallery type=&#8220;image_grid&#8220; images=&#8220;103,194,184,196,102,200,204,201,202,203,197,205,206,207,208,209,210,211,212,213,214,215,216,217,218,219,220,221,222,223,224,225,226,227,228,229,230,231,232,233,234,235,236,237,238,239,150,108&#8243;][vc_column_text css=&#8220;.vc_custom_1632311934764{border-right-width: 20px !important;padding-left: 20px !important;}&#8220;]In der Reihenfolge der Fotos: Ralf Odermann &amp; Dennis Siemion, John Peel (2x), Krischan &amp; Jonzon,&#8230;","protected":false},"author":1,"featured_media":0,"parent":0,"menu_order":0,"comment_status":"closed","ping_status":"closed","template":"","meta":{"footnotes":""},"_links":{"self":[{"href":"https:\/\/planet-bochum.de\/index.php\/wp-json\/wp\/v2\/pages\/535"}],"collection":[{"href":"https:\/\/planet-bochum.de\/index.php\/wp-json\/wp\/v2\/pages"}],"about":[{"href":"https:\/\/planet-bochum.de\/index.php\/wp-json\/wp\/v2\/types\/page"}],"author":[{"embeddable":true,"href":"https:\/\/planet-bochum.de\/index.php\/wp-json\/wp\/v2\/users\/1"}],"replies":[{"embeddable":true,"href":"https:\/\/planet-bochum.de\/index.php\/wp-json\/wp\/v2\/comments?post=535"}],"version-history":[{"count":17,"href":"https:\/\/planet-bochum.de\/index.php\/wp-json\/wp\/v2\/pages\/535\/revisions"}],"predecessor-version":[{"id":567,"href":"https:\/\/planet-bochum.de\/index.php\/wp-json\/wp\/v2\/pages\/535\/revisions\/567"}],"wp:attachment":[{"href":"https:\/\/planet-bochum.de\/index.php\/wp-json\/wp\/v2\/media?parent=535"}],"curies":[{"name":"wp","href":"https:\/\/api.w.org\/{rel}","templated":true}]}}